{"id":4883,"date":"2025-02-22T13:14:17","date_gmt":"2025-02-22T12:14:17","guid":{"rendered":"https:\/\/kaasbijwijn.nl\/nl\/?post_type=product&#038;p=4883"},"modified":"2025-08-27T14:44:57","modified_gmt":"2025-08-27T12:44:57","slug":"crema-gastronomica-bianca-giuseppe-giusti","status":"publish","type":"product","link":"https:\/\/kaasbijwijn.nl\/nl\/product\/crema-gastronomica-bianca-giuseppe-giusti\/","title":{"rendered":"Crema Gastronomica Bianca  &#8211; Giuseppe Giusti"},"content":{"rendered":"<p>Giusti&#8217;s &#8220;Crema Gastronomica Bianca&#8221; is een heerlijk glaze die gewaardeerd wordt om de frisse, fruitige toon van wijnazijn en druivensap. De bijzonder aromatische smaak komt van de Trebbiano-druif die ook wordt gebruikt voor de &#8220;balsamico agrodolce&#8221;. Het beste te gebruiken bij groenten, vis, salade.<\/p>\n<p>Door te koken, ma\u00efszetmeel en onder andere andere druivenmost toe te voegen ontstaat een romige reductie. Resultaat: een zeer veelzijdige azijncr\u00e8me die dankzij de gemakkelijke dosering en de evenwichtige balans tussen fijne zuren en fruitige duivenmost ideaal is voor het garneren, verfijnen en cre\u00ebren van kruidige smaakcontrasten voor verschillende gerechten, van voorgerechten tot desserts.<\/p>\n<p>Deze bijzondere cr\u00e8me is het resultaat van een zorgvuldig verfijningsproces waarbij door inkoken, ma\u00efszetmeel en extra druivenmost een rijke en romige consistentie wordt bereikt. Het assortiment azijncr\u00e8mes kenmerkt zich door gebruiksgemak en een perfecte balans tussen subtiele zuurgraad en het zoete profiel van druivenmost. Ideaal voor het verfijnen van uiteenlopende gerechten. Deze cr\u00e8mes zijn op meesterlijke wijze ontworpen om gerechten te verrijken door simpelweg te garneren of genuanceerde smaakaccenten toe te voegen, van voorgerecht tot dessert.<\/p>\n<p>Ook leverbaar in de variant &#8220;<a href=\"https:\/\/kaasbijwijn.nl\/nl\/product\/crema-gastronomica-lampone-giuseppe-giusti\/\">Lampone<\/a>&#8221; (Framboos).<\/p>\n<p><strong>Over Giuseppe Giusti<\/strong><br \/>\nGiuseppe Giusti combineert meer dan 400 jaar ervaring, knowhow en traditie &#8211; met een moderne en duurzame bedrijfsfilosofie en in harmonie met de natuur. De beste balsamico-azijnen worden daar gemaakt op basis van een oud recept, dat in grote mate afhankelijk is van de rijpingsduur. Het geheim van balsamicoazijn schuilt in het hout van de oude vaten (dit kunnen vaten zijn uit de 18e eeuw!) die altijd zijn gebruikt om azijn te laten rijpen.<\/p>\n","protected":false},"excerpt":{"rendered":"<p>Deze glazuurdressing van Giuseppe Giusti wordt gemaakt van witte wijnazijn en druivenmost. Geschikt voor salades, vis, gekookte en rauwe groenten.<\/p>\n<p>Giusti&#8217;s Creme Bianca is bijzonder veelzijdig en wordt aanbevolen als een uitstekende keuze voor het verfijnen van salades, visgerechten en gekookte en rauwe groenten, waardoor het een onmisbaar ingredi\u00ebnt is voor de gastronomische keuken.<\/p>\n","protected":false},"featured_media":4884,"template":"","meta":{"_et_pb_use_builder":"","_et_pb_old_content":"","_et_gb_content_width":""},"product_brand":[],"product_cat":[150,100],"product_tag":[155,106],"class_list":{"0":"post-4883","1":"product","2":"type-product","3":"status-publish","4":"has-post-thumbnail","6":"product_cat-aceto-balsamico","7":"product_cat-blg","8":"product_tag-condiment","9":"product_tag-italie","11":"first","12":"instock","13":"shipping-taxable","14":"purchasable","15":"product-type-simple"},"_links":{"self":[{"href":"https:\/\/kaasbijwijn.nl\/nl\/wp-json\/wp\/v2\/product\/4883","targetHints":{"allow":["GET"]}}],"collection":[{"href":"https:\/\/kaasbijwijn.nl\/nl\/wp-json\/wp\/v2\/product"}],"about":[{"href":"https:\/\/kaasbijwijn.nl\/nl\/wp-json\/wp\/v2\/types\/product"}],"wp:featuredmedia":[{"embeddable":true,"href":"https:\/\/kaasbijwijn.nl\/nl\/wp-json\/wp\/v2\/media\/4884"}],"wp:attachment":[{"href":"https:\/\/kaasbijwijn.nl\/nl\/wp-json\/wp\/v2\/media?parent=4883"}],"wp:term":[{"taxonomy":"product_brand","embeddable":true,"href":"https:\/\/kaasbijwijn.nl\/nl\/wp-json\/wp\/v2\/product_brand?post=4883"},{"taxonomy":"product_cat","embeddable":true,"href":"https:\/\/kaasbijwijn.nl\/nl\/wp-json\/wp\/v2\/product_cat?post=4883"},{"taxonomy":"product_tag","embeddable":true,"href":"https:\/\/kaasbijwijn.nl\/nl\/wp-json\/wp\/v2\/product_tag?post=4883"}],"curies":[{"name":"wp","href":"https:\/\/api.w.org\/{rel}","templated":true}]}}