{"id":5056,"date":"2025-07-19T13:25:59","date_gmt":"2025-07-19T11:25:59","guid":{"rendered":"https:\/\/kaasbijwijn.nl\/nl\/?post_type=product&#038;p=5056"},"modified":"2025-08-27T14:44:57","modified_gmt":"2025-08-27T12:44:57","slug":"gekaramelliseerde-ui-belazu","status":"publish","type":"product","link":"https:\/\/kaasbijwijn.nl\/nl\/product\/gekaramelliseerde-ui-belazu\/","title":{"rendered":"Caramelised onion &#8211; Belazu"},"content":{"rendered":"<p>Gekaramelliseerde uien, een heerlijke toevoeging aan diverse gerechten. Gemakkelijk en eenvoudig te doseren.<br \/>\nEen basis van o.a. gekaramelliseerde uien (50%), koolzaadolie, geweekte gedroogde ui, rozijnen, geroosterde knoflookpuree en groentebouillon.<\/p>\n<p>Wat omvat het karamelliseren van uien?<\/p>\n<p>Karamelliseren van uien is het langzaam garen van uien op lage temperatuur, zodat hun natuurlijke suikers vrijkomen en ze veranderen in iets bijzonders: zacht, zoet, rijk van smaak en diep goudbruin van kleur. Geen toegevoegde suiker nodig \u2013 de ui doet het werk zelf.<\/p>\n<p>Het proces duurt meestal 30 tot 45 minuten, waarbij de uien langzaam in hun eigen sappen smelten tot een jam-achtige textuur. Regelmatig roeren is essentieel om aanbranden te voorkomen. Een beetje olie of boter helpt om de smaken goed los te maken en die volle, zoete smaak naar voren te brengen.<\/p>\n<p>Waarom zijn gekarameliseerde uien zo lekker?<\/p>\n<p>Gekaramelliseerde uien geven gerechten een warme, umami-rijke diepte. Ze zijn heerlijk op:<\/p>\n<ul>\n<li>Quiches en hartige taarten<\/li>\n<li>Burgers of hotdogs<\/li>\n<li>Soepen (zoals uiensoep)<\/li>\n<li>Pizza\u2019s, toasts of wraps<\/li>\n<li>Of gewoon als spread op brood met een lik geitenkaas<\/li>\n<\/ul>\n","protected":false},"excerpt":{"rendered":"<p>Voeg de zoete, volle smaak van gekaramelliseerde uien toe \u2013 zonder gedoe.<br \/>\nDeze handige basis tilt elk gerecht naar een hoger niveau.<br \/>\nE\u00e9n eetlepel staat gelijk aan \u00e9\u00e9n middelgrote gekaramelliseerde ui.<\/p>\n<p>Inhoud: 130 gram.<\/p>\n","protected":false},"featured_media":5071,"template":"","meta":{"_et_pb_use_builder":"","_et_pb_old_content":"","_et_gb_content_width":""},"product_brand":[],"product_cat":[100,34],"product_tag":[],"class_list":{"0":"post-5056","1":"product","2":"type-product","3":"status-publish","4":"has-post-thumbnail","6":"product_cat-blg","7":"product_cat-delicatessen","9":"first","10":"instock","11":"shipping-taxable","12":"purchasable","13":"product-type-simple"},"_links":{"self":[{"href":"https:\/\/kaasbijwijn.nl\/nl\/wp-json\/wp\/v2\/product\/5056","targetHints":{"allow":["GET"]}}],"collection":[{"href":"https:\/\/kaasbijwijn.nl\/nl\/wp-json\/wp\/v2\/product"}],"about":[{"href":"https:\/\/kaasbijwijn.nl\/nl\/wp-json\/wp\/v2\/types\/product"}],"wp:featuredmedia":[{"embeddable":true,"href":"https:\/\/kaasbijwijn.nl\/nl\/wp-json\/wp\/v2\/media\/5071"}],"wp:attachment":[{"href":"https:\/\/kaasbijwijn.nl\/nl\/wp-json\/wp\/v2\/media?parent=5056"}],"wp:term":[{"taxonomy":"product_brand","embeddable":true,"href":"https:\/\/kaasbijwijn.nl\/nl\/wp-json\/wp\/v2\/product_brand?post=5056"},{"taxonomy":"product_cat","embeddable":true,"href":"https:\/\/kaasbijwijn.nl\/nl\/wp-json\/wp\/v2\/product_cat?post=5056"},{"taxonomy":"product_tag","embeddable":true,"href":"https:\/\/kaasbijwijn.nl\/nl\/wp-json\/wp\/v2\/product_tag?post=5056"}],"curies":[{"name":"wp","href":"https:\/\/api.w.org\/{rel}","templated":true}]}}